{"id":19,"date":"2024-04-12T09:02:46","date_gmt":"2024-04-12T09:02:46","guid":{"rendered":"https:\/\/www.servet.info\/?page_id=19"},"modified":"2025-06-24T12:14:37","modified_gmt":"2025-06-24T12:14:37","slug":"werbetechnik","status":"publish","type":"page","link":"https:\/\/www.servet.info\/index.php\/werbetechnik\/","title":{"rendered":"Werbetechnik"},"content":{"rendered":"\n<p><strong>Werbetechnik, die ins Auge f\u00e4llt \u2013 Ihr Partner f\u00fcr kreative L\u00f6sungen<\/strong><\/p>\n\n\n\n<p>Von <strong>Hausschildern<\/strong> bis zu <strong>Pylonen<\/strong>, von <strong>Werbebannern<\/strong> bis zu <strong>Messesystemen<\/strong> \u2013 wir setzen Ihre Werbema\u00dfnahmen perfekt in Szene. Egal, ob es um Veranstaltungen, Messen oder den t\u00e4glichen Gesch\u00e4ftsbetrieb geht, <strong>wir helfen Ihren Aktionen auf die Spr\u00fcnge!<\/strong><\/p>\n\n\n\n<h3 class=\"wp-block-heading\">Unsere Leistungen:<\/h3>\n\n\n\n<p>\u2714 <strong>Hausschilder und Orientierungssysteme<\/strong> \u2013 Damit Ihre Post immer ins richtige Haus findet<br>\u2714 <strong>Pylone und Werbebanner<\/strong> \u2013 F\u00fcr maximale Sichtbarkeit, drau\u00dfen wie drinnen<br>\u2714 <strong>RollUps, Fahnen und Messesysteme<\/strong> \u2013 Praktische L\u00f6sungen f\u00fcr jeden Event<br>\u2714 <strong>Event-Ausstattung<\/strong> \u2013 Von der Idee bis zur Umsetzung begleiten wir Sie Schritt f\u00fcr Schritt<\/p>\n\n\n\n<p>Unsere Produkte sind nicht nur robust und hochwertig, sondern auch individuell auf Ihre W\u00fcnsche abgestimmt. Wir stehen Ihnen mit Erfahrung und Kreativit\u00e4t zur Seite, um Ihre Botschaft wirkungsvoll zu pr\u00e4sentieren \u2013 und das immer wetterfest!<\/p>\n\n\n\n<p><strong>Lassen Sie uns gemeinsam Ihre Ideen verwirklichen.<\/strong> Ob klein oder gro\u00df, schlicht oder auff\u00e4llig: Wir finden die passende L\u00f6sung f\u00fcr Ihre Werbetechnik. Schreiben Sie uns \u2013 wir freuen uns auf Ihr Projekt!<\/p>\n\n\n\n<p><\/p>\n\n\n\n<figure class=\"wp-block-image size-full\"><img loading=\"lazy\" decoding=\"async\" width=\"595\" height=\"794\" src=\"https:\/\/www.servet.info\/wp-content\/uploads\/2024\/12\/DibondSchild-Bau.jpg\" alt=\"\" class=\"wp-image-215\" srcset=\"https:\/\/www.servet.info\/wp-content\/uploads\/2024\/12\/DibondSchild-Bau.jpg 595w, https:\/\/www.servet.info\/wp-content\/uploads\/2024\/12\/DibondSchild-Bau-225x300.jpg 225w\" sizes=\"auto, (max-width: 595px) 100vw, 595px\" \/><\/figure>\n\n\n\n<figure class=\"wp-block-image size-full\"><img loading=\"lazy\" decoding=\"async\" width=\"595\" height=\"446\" src=\"https:\/\/www.servet.info\/wp-content\/uploads\/2025\/06\/leuchttranzp-wirtz.jpg\" alt=\"\" class=\"wp-image-381\" srcset=\"https:\/\/www.servet.info\/wp-content\/uploads\/2025\/06\/leuchttranzp-wirtz.jpg 595w, https:\/\/www.servet.info\/wp-content\/uploads\/2025\/06\/leuchttranzp-wirtz-300x225.jpg 300w\" sizes=\"auto, (max-width: 595px) 100vw, 595px\" \/><\/figure>\n\n\n\n<figure class=\"wp-block-image size-full\"><img loading=\"lazy\" decoding=\"async\" width=\"595\" height=\"446\" src=\"https:\/\/www.servet.info\/wp-content\/uploads\/2025\/06\/rakete.jpg\" alt=\"\" class=\"wp-image-380\" srcset=\"https:\/\/www.servet.info\/wp-content\/uploads\/2025\/06\/rakete.jpg 595w, https:\/\/www.servet.info\/wp-content\/uploads\/2025\/06\/rakete-300x225.jpg 300w\" sizes=\"auto, (max-width: 595px) 100vw, 595px\" \/><\/figure>\n\n\n\n<figure class=\"wp-block-image size-full\"><img loading=\"lazy\" decoding=\"async\" width=\"595\" height=\"446\" src=\"https:\/\/www.servet.info\/wp-content\/uploads\/2025\/06\/LKW-rowe2.jpg\" alt=\"\" class=\"wp-image-382\" srcset=\"https:\/\/www.servet.info\/wp-content\/uploads\/2025\/06\/LKW-rowe2.jpg 595w, https:\/\/www.servet.info\/wp-content\/uploads\/2025\/06\/LKW-rowe2-300x225.jpg 300w\" sizes=\"auto, (max-width: 595px) 100vw, 595px\" \/><\/figure>\n\n\n\n<figure class=\"wp-block-image size-full\"><img loading=\"lazy\" decoding=\"async\" width=\"446\" height=\"595\" src=\"https:\/\/www.servet.info\/wp-content\/uploads\/2025\/06\/LKW-rowe.jpg\" alt=\"\" class=\"wp-image-384\" srcset=\"https:\/\/www.servet.info\/wp-content\/uploads\/2025\/06\/LKW-rowe.jpg 446w, https:\/\/www.servet.info\/wp-content\/uploads\/2025\/06\/LKW-rowe-225x300.jpg 225w\" sizes=\"auto, (max-width: 446px) 100vw, 446px\" \/><\/figure>\n","protected":false},"excerpt":{"rendered":"<p>Werbetechnik, die ins Auge f\u00e4llt \u2013 Ihr Partner f\u00fcr kreative L\u00f6sungen Von Hausschildern bis zu Pylonen, von Werbebannern bis zu Messesystemen \u2013 wir setzen Ihre Werbema\u00dfnahmen perfekt in Szene. Egal, ob es um Veranstaltungen, Messen oder den t\u00e4glichen Gesch\u00e4ftsbetrieb geht, wir helfen Ihren Aktionen auf die Spr\u00fcnge! Unsere Leistungen: \u2714 Hausschilder und Orientierungssysteme \u2013 Damit [&hellip;]<\/p>\n","protected":false},"author":1,"featured_media":0,"parent":0,"menu_order":0,"comment_status":"closed","ping_status":"closed","template":"","meta":{"footnotes":""},"class_list":["post-19","page","type-page","status-publish","hentry"],"_links":{"self":[{"href":"https:\/\/www.servet.info\/index.php\/wp-json\/wp\/v2\/pages\/19","targetHints":{"allow":["GET"]}}],"collection":[{"href":"https:\/\/www.servet.info\/index.php\/wp-json\/wp\/v2\/pages"}],"about":[{"href":"https:\/\/www.servet.info\/index.php\/wp-json\/wp\/v2\/types\/page"}],"author":[{"embeddable":true,"href":"https:\/\/www.servet.info\/index.php\/wp-json\/wp\/v2\/users\/1"}],"replies":[{"embeddable":true,"href":"https:\/\/www.servet.info\/index.php\/wp-json\/wp\/v2\/comments?post=19"}],"version-history":[{"count":5,"href":"https:\/\/www.servet.info\/index.php\/wp-json\/wp\/v2\/pages\/19\/revisions"}],"predecessor-version":[{"id":385,"href":"https:\/\/www.servet.info\/index.php\/wp-json\/wp\/v2\/pages\/19\/revisions\/385"}],"wp:attachment":[{"href":"https:\/\/www.servet.info\/index.php\/wp-json\/wp\/v2\/media?parent=19"}],"curies":[{"name":"wp","href":"https:\/\/api.w.org\/{rel}","templated":true}]}}